{"id":1087,"date":"2016-05-31T09:40:20","date_gmt":"2016-05-31T07:40:20","guid":{"rendered":"http:\/\/musikaefer.kevas.at\/?page_id=1087"},"modified":"2025-04-03T15:25:40","modified_gmt":"2025-04-03T13:25:40","slug":"herzlich-willkommen-bei-der-kinderkrippe-musikafer","status":"publish","type":"page","link":"https:\/\/musikaefer.kevas.at\/","title":{"rendered":"Herzlich willkommen in der Kinderkrippe MusiK\u00e4fer!"},"content":{"rendered":"\n<p>Sch\u00f6n, dass ihr da seid! Wenn ihr auf der Suche nach einem liebevollen Betreuungsplatz f\u00fcr euer Kind seid, dann lernt uns doch kennen. Wir freuen uns darauf, euch pers\u00f6nlich zu begegnen!&nbsp;<\/p>\n\n\n\n<p>In unserer gem\u00fctlichen Kinderkrippe in Innsbruck (N\u00e4he Flughafen) spielen, singen und entdecken bis zu 12 Kinder gemeinsam mit unseren herzlichen Betreuer:innen-Team die Welt. Unsere R\u00e4ume laden zum Bewegen, Toben und Kreativsein ein \u2013 und unser wundersch\u00f6ner Garten bietet Platz zum Schaukeln, Buddeln und im Winter sogar zum Schneemannbauen.&nbsp;<\/p>\n\n\n\n<p>Hier auf unserer Webseite erfahrt ihr mehr \u00fcber unsere p\u00e4dagogische Arbeit, unser Team und das fr\u00f6hliche, multikulturelle Miteinander in unserer Krippe. Viel Spa\u00df beim St\u00f6bern!&nbsp;<\/p>\n\n\n<div class=\"wp-block-image\">\n<figure class=\"aligncenter size-large\"><img loading=\"lazy\" decoding=\"async\" width=\"600\" height=\"391\" src=\"https:\/\/musikaefer.kevas.at\/wp-content\/uploads\/2025\/04\/kids-playing-pieces-plastic-creative-construction-blocks-600x391.jpg\" alt=\"\" class=\"wp-image-2074\" srcset=\"https:\/\/musikaefer.kevas.at\/wp-content\/uploads\/2025\/04\/kids-playing-pieces-plastic-creative-construction-blocks-600x391.jpg 600w, https:\/\/musikaefer.kevas.at\/wp-content\/uploads\/2025\/04\/kids-playing-pieces-plastic-creative-construction-blocks-300x195.jpg 300w, https:\/\/musikaefer.kevas.at\/wp-content\/uploads\/2025\/04\/kids-playing-pieces-plastic-creative-construction-blocks-150x98.jpg 150w, https:\/\/musikaefer.kevas.at\/wp-content\/uploads\/2025\/04\/kids-playing-pieces-plastic-creative-construction-blocks-768x500.jpg 768w, https:\/\/musikaefer.kevas.at\/wp-content\/uploads\/2025\/04\/kids-playing-pieces-plastic-creative-construction-blocks-1536x1001.jpg 1536w, https:\/\/musikaefer.kevas.at\/wp-content\/uploads\/2025\/04\/kids-playing-pieces-plastic-creative-construction-blocks-2048x1334.jpg 2048w, https:\/\/musikaefer.kevas.at\/wp-content\/uploads\/2025\/04\/kids-playing-pieces-plastic-creative-construction-blocks-461x300.jpg 461w\" sizes=\"(max-width: 600px) 100vw, 600px\" \/><\/figure><\/div>","protected":false},"excerpt":{"rendered":"<p>Sch\u00f6n, dass ihr da seid! Wenn ihr auf der Suche nach einem liebevollen Betreuungsplatz f\u00fcr euer Kind seid, dann lernt uns doch kennen. Wir freuen uns darauf, euch pers\u00f6nlich zu begegnen!&nbsp; In unserer gem\u00fctlichen Kinderkrippe in Innsbruck (N\u00e4he Flughafen) spielen, &hellip; <a href=\"https:\/\/musikaefer.kevas.at\/\">Weiterlesen <span class=\"meta-nav\">&rarr;<\/span><\/a><\/p>\n","protected":false},"author":11,"featured_media":0,"parent":0,"menu_order":0,"comment_status":"closed","ping_status":"closed","template":"","meta":{"footnotes":""},"class_list":["post-1087","page","type-page","status-publish","hentry"],"_links":{"self":[{"href":"https:\/\/musikaefer.kevas.at\/index.php?rest_route=\/wp\/v2\/pages\/1087"}],"collection":[{"href":"https:\/\/musikaefer.kevas.at\/index.php?rest_route=\/wp\/v2\/pages"}],"about":[{"href":"https:\/\/musikaefer.kevas.at\/index.php?rest_route=\/wp\/v2\/types\/page"}],"author":[{"embeddable":true,"href":"https:\/\/musikaefer.kevas.at\/index.php?rest_route=\/wp\/v2\/users\/11"}],"replies":[{"embeddable":true,"href":"https:\/\/musikaefer.kevas.at\/index.php?rest_route=%2Fwp%2Fv2%2Fcomments&post=1087"}],"version-history":[{"count":36,"href":"https:\/\/musikaefer.kevas.at\/index.php?rest_route=\/wp\/v2\/pages\/1087\/revisions"}],"predecessor-version":[{"id":2078,"href":"https:\/\/musikaefer.kevas.at\/index.php?rest_route=\/wp\/v2\/pages\/1087\/revisions\/2078"}],"wp:attachment":[{"href":"https:\/\/musikaefer.kevas.at\/index.php?rest_route=%2Fwp%2Fv2%2Fmedia&parent=1087"}],"curies":[{"name":"wp","href":"https:\/\/api.w.org\/{rel}","templated":true}]}}