{"id":112,"date":"2013-06-04T20:48:19","date_gmt":"2013-06-04T18:48:19","guid":{"rendered":"http:\/\/musikaefer.kevas.at\/?page_id=112"},"modified":"2026-02-04T21:23:59","modified_gmt":"2026-02-04T19:23:59","slug":"team","status":"publish","type":"page","link":"https:\/\/musikaefer.kevas.at\/?page_id=112","title":{"rendered":"Das Team der Kinderkrippe MusiK\u00e4fer"},"content":{"rendered":"\n<p><span data-contrast=\"auto\">Unser Team besteht aus engagierten P\u00e4dagog:innen, die mit viel Herz und Fachwissen die Welt der Kinder begleiten. F\u00fcr uns steht das Wohl jedes einzelnen Kindes an erster Stelle. Mit <\/span><b><span data-contrast=\"auto\">Einf\u00fchlungsverm\u00f6gen, Verst\u00e4ndnis und Wertsch\u00e4tzung<\/span><\/b><span data-contrast=\"auto\"> begegnen wir nicht nur den Kindern, sondern auch ihren Eltern und unseren Kolleg:innen.<\/span><span data-ccp-props=\"{&quot;134233117&quot;:false,&quot;134233118&quot;:false,&quot;201341983&quot;:0,&quot;335551550&quot;:6,&quot;335551620&quot;:6,&quot;335559738&quot;:0,&quot;335559739&quot;:120,&quot;335559740&quot;:240}\"><br \/><\/span><span data-contrast=\"auto\">Unser Ziel ist es, eine liebevolle, geborgene und vertrauensvolle Atmosph\u00e4re zu schaffen, in der sich jedes Kind sicher f\u00fchlt, seine Pers\u00f6nlichkeit entfalten und spielerisch die Welt entdecken kann. Mit Freude, Geduld und einer gro\u00dfen Portion Herzlichkeit begleiten wir die kleinen MusiK\u00e4fer auf ihrem Weg.<\/span><span data-ccp-props=\"{&quot;134233117&quot;:false,&quot;134233118&quot;:false,&quot;201341983&quot;:0,&quot;335551550&quot;:6,&quot;335551620&quot;:6,&quot;335559738&quot;:0,&quot;335559739&quot;:120,&quot;335559740&quot;:240}\">&nbsp;<\/span><\/p>\n\n\n\n<p><\/p>\n\n\n\n<p><\/p>\n\n\n<div class=\"wp-block-image\">\n<figure class=\"alignright size-large is-resized\"><img loading=\"lazy\" decoding=\"async\" width=\"400\" height=\"600\" src=\"https:\/\/musikaefer.kevas.at\/wp-content\/uploads\/2025\/09\/DSC04581-400x600.jpg\" alt=\"Elisabeth Natz\" class=\"wp-image-2097\" style=\"width:272px;height:auto\" srcset=\"https:\/\/musikaefer.kevas.at\/wp-content\/uploads\/2025\/09\/DSC04581-400x600.jpg 400w, https:\/\/musikaefer.kevas.at\/wp-content\/uploads\/2025\/09\/DSC04581-200x300.jpg 200w, https:\/\/musikaefer.kevas.at\/wp-content\/uploads\/2025\/09\/DSC04581-100x150.jpg 100w, https:\/\/musikaefer.kevas.at\/wp-content\/uploads\/2025\/09\/DSC04581-768x1152.jpg 768w, https:\/\/musikaefer.kevas.at\/wp-content\/uploads\/2025\/09\/DSC04581-1024x1536.jpg 1024w, https:\/\/musikaefer.kevas.at\/wp-content\/uploads\/2025\/09\/DSC04581-1365x2048.jpg 1365w, https:\/\/musikaefer.kevas.at\/wp-content\/uploads\/2025\/09\/DSC04581-scaled.jpg 1707w\" sizes=\"(max-width: 400px) 100vw, 400px\" \/><\/figure><\/div>\n\n\n<p><strong>Elisabeth Natz<br \/><\/strong>P\u00e4dagogische Fachkraft und Leiterin der Kinderkrippe MusiK\u00e4fer<\/p>\n\n\n\n<p class=\"has-text-align-left\"><span data-contrast=\"auto\">\u201eMit der Begleitung von 1,5 bis 3-J\u00e4hrigen habe ich meine Berufung gefunden. <\/span>Ein Kind in diesem Alter bei seiner Entwicklung in seinem Tempo zu beobachten, ist aufregend, spannend \u2013 einfach sch\u00f6n<span data-contrast=\"auto\">. Unsere wichtigste Aufgabe, mit dem Kind in Beziehung zu treten, macht mir gro\u00dfe Freude.<\/span><span data-ccp-props=\"{&quot;134233117&quot;:false,&quot;134233118&quot;:false,&quot;201341983&quot;:0,&quot;335551550&quot;:6,&quot;335551620&quot;:6,&quot;335559738&quot;:0,&quot;335559739&quot;:120,&quot;335559740&quot;:240}\">&nbsp;<\/span><span data-contrast=\"auto\">Der wertsch\u00e4tzende Umgang mit den Kindern, dem Team und den Eltern ist mir ein gro\u00dfes Anliegen. Ich m\u00f6chte, dass alle Kinder und Teammitglieder einen Platz zum Wohlf\u00fchlen in unserer Einrichtung finden. Wir wollen ein gutes Lernfeld schaffen \u2013 eine Umgebung vorbereiten \u2013 um das Lernen der Kinder zu unterst\u00fctzen. Tagt\u00e4glich begleiten wir die Kinder in ihrer Neugierde, Kreativit\u00e4t und Spontanit\u00e4t.\u201c<\/span><span data-ccp-props=\"{&quot;134233117&quot;:false,&quot;134233118&quot;:false,&quot;201341983&quot;:0,&quot;335551550&quot;:6,&quot;335551620&quot;:6,&quot;335559738&quot;:0,&quot;335559739&quot;:120,&quot;335559740&quot;:240}\">&nbsp;<\/span><\/p>\n\n\n\n<p><\/p>\n\n\n<div class=\"wp-block-image\">\n<figure class=\"alignleft size-large is-resized\"><img loading=\"lazy\" decoding=\"async\" width=\"400\" height=\"600\" src=\"https:\/\/musikaefer.kevas.at\/wp-content\/uploads\/2025\/09\/DSC04604-400x600.jpg\" alt=\"\" class=\"wp-image-2095\" style=\"width:301px;height:auto\" srcset=\"https:\/\/musikaefer.kevas.at\/wp-content\/uploads\/2025\/09\/DSC04604-400x600.jpg 400w, https:\/\/musikaefer.kevas.at\/wp-content\/uploads\/2025\/09\/DSC04604-200x300.jpg 200w, https:\/\/musikaefer.kevas.at\/wp-content\/uploads\/2025\/09\/DSC04604-100x150.jpg 100w, https:\/\/musikaefer.kevas.at\/wp-content\/uploads\/2025\/09\/DSC04604-768x1152.jpg 768w, https:\/\/musikaefer.kevas.at\/wp-content\/uploads\/2025\/09\/DSC04604-1024x1536.jpg 1024w, https:\/\/musikaefer.kevas.at\/wp-content\/uploads\/2025\/09\/DSC04604-1365x2048.jpg 1365w, https:\/\/musikaefer.kevas.at\/wp-content\/uploads\/2025\/09\/DSC04604-scaled.jpg 1707w\" sizes=\"(max-width: 400px) 100vw, 400px\" \/><\/figure><\/div>\n\n\n<p class=\"has-text-align-left rfs_topabstand\"><a href=\"http:\/\/musikaefer.kevas.at\/?page_id=327\"> <\/a><strong>Kamila Weiss<\/strong><br \/>P\u00e4dagogische Fachkraft und Soziologin<\/p>\n\n\n\n<p><span class=\"TextRun SCXW95043940 BCX8\" lang=\"DE-DE\" xml:lang=\"DE-DE\" data-contrast=\"auto\"><span class=\"NormalTextRun SCXW95043940 BCX8\">\u201e<\/span><span class=\"NormalTextRun SCXW95043940 BCX8\">Zu den sch\u00f6nsten Dingen im Leben z\u00e4hlt f\u00fcr mich unter anderem, <\/span><\/span><span class=\"TextRun MacChromeBold SCXW95043940 BCX8\" lang=\"DE-DE\" xml:lang=\"DE-DE\" data-contrast=\"auto\"><span class=\"NormalTextRun SCXW95043940 BCX8\">das L\u00e4cheln eines Kindes<\/span><\/span><span class=\"TextRun SCXW95043940 BCX8\" lang=\"DE-DE\" xml:lang=\"DE-DE\" data-contrast=\"auto\"><span class=\"NormalTextRun SCXW95043940 BCX8\"> zu erleben.<\/span><span class=\"NormalTextRun SCXW95043940 BCX8\"> Als Mutter sehe ich jeden Tag wie wichtig es ist, wie Kinder sich selbst entdecken und wahrnehmen. Bewegung und Natur zu erfahren sind f\u00fcr mich und meine Familie sehr wichtig. Mir erscheint es sehr wichtig, Kinder auch in diesem Sinne auf ihrem Lebensweg ein kleines St\u00fcck zu begleiten und unterst\u00fctzen.<\/span><\/span><span class=\"TextRun SCXW95043940 BCX8\" lang=\"DE-DE\" xml:lang=\"DE-DE\" data-contrast=\"none\"><span class=\"NormalTextRun SCXW95043940 BCX8\">\u201c<\/span><\/span><span class=\"EOP SCXW95043940 BCX8\" data-ccp-props=\"{&quot;134233117&quot;:false,&quot;134233118&quot;:false,&quot;201341983&quot;:0,&quot;335551550&quot;:6,&quot;335551620&quot;:6,&quot;335559738&quot;:0,&quot;335559739&quot;:120,&quot;335559740&quot;:240}\">&nbsp;<\/span><\/p>\n\n\n\n<p>&nbsp;<\/p>\n\n\n\n<p><\/p>\n\n\n\n<p><\/p>\n\n\n\n<p><\/p>\n\n\n<div class=\"wp-block-image\">\n<figure class=\"alignright size-large is-resized\"><img loading=\"lazy\" decoding=\"async\" width=\"400\" height=\"600\" src=\"https:\/\/musikaefer.kevas.at\/wp-content\/uploads\/2025\/09\/DSC04592-400x600.jpg\" alt=\"\" class=\"wp-image-2096\" style=\"width:259px;height:auto\" srcset=\"https:\/\/musikaefer.kevas.at\/wp-content\/uploads\/2025\/09\/DSC04592-400x600.jpg 400w, https:\/\/musikaefer.kevas.at\/wp-content\/uploads\/2025\/09\/DSC04592-200x300.jpg 200w, https:\/\/musikaefer.kevas.at\/wp-content\/uploads\/2025\/09\/DSC04592-100x150.jpg 100w, https:\/\/musikaefer.kevas.at\/wp-content\/uploads\/2025\/09\/DSC04592-768x1152.jpg 768w, https:\/\/musikaefer.kevas.at\/wp-content\/uploads\/2025\/09\/DSC04592-1024x1536.jpg 1024w, https:\/\/musikaefer.kevas.at\/wp-content\/uploads\/2025\/09\/DSC04592-1365x2048.jpg 1365w, https:\/\/musikaefer.kevas.at\/wp-content\/uploads\/2025\/09\/DSC04592-scaled.jpg 1707w\" sizes=\"(max-width: 400px) 100vw, 400px\" \/><\/figure><\/div>\n\n\n<p><strong>Ameer Al-Furaiji<\/strong><br \/>Assistenzkraft<\/p>\n\n\n\n<p>\u201eDurch die Arbeit mit den Kindern wachse ich t\u00e4glich.<br \/>Ich bin seit f\u00fcnf Jahren in diesem Job. Es fasziniert mich jeden Tag, die Kinder zu beobachten. Ein wertsch\u00e4tzender Umgang gegen\u00fcber den Kindern ist mir besonders wichtig. Auf die Gef\u00fchle und Bed\u00fcrfnisse wird geachtet.<br \/>Ein Kind kennenzulernen und mit ihm in Beziehung zu treten bilden die Voraussetzung, um den Herausforderungen im Alltag zu begegnen.&#8220;<\/p>\n\n\n\n<p><\/p>\n\n\n\n<p><br \/><\/p>\n\n\n<div class=\"wp-block-image\">\n<figure class=\"alignleft size-large is-resized\"><img loading=\"lazy\" decoding=\"async\" width=\"400\" height=\"600\" src=\"https:\/\/musikaefer.kevas.at\/wp-content\/uploads\/2025\/09\/DSC04624-400x600.jpg\" alt=\"\" class=\"wp-image-2094\" style=\"width:249px;height:auto\" srcset=\"https:\/\/musikaefer.kevas.at\/wp-content\/uploads\/2025\/09\/DSC04624-400x600.jpg 400w, https:\/\/musikaefer.kevas.at\/wp-content\/uploads\/2025\/09\/DSC04624-200x300.jpg 200w, https:\/\/musikaefer.kevas.at\/wp-content\/uploads\/2025\/09\/DSC04624-100x150.jpg 100w, https:\/\/musikaefer.kevas.at\/wp-content\/uploads\/2025\/09\/DSC04624-768x1152.jpg 768w, https:\/\/musikaefer.kevas.at\/wp-content\/uploads\/2025\/09\/DSC04624-1024x1536.jpg 1024w, https:\/\/musikaefer.kevas.at\/wp-content\/uploads\/2025\/09\/DSC04624-1365x2048.jpg 1365w, https:\/\/musikaefer.kevas.at\/wp-content\/uploads\/2025\/09\/DSC04624-scaled.jpg 1707w\" sizes=\"(max-width: 400px) 100vw, 400px\" \/><\/figure><\/div>\n\n\n<p><strong>Verena Schaller-Klingler<\/strong><br \/>Tagesmutter (Ausbildung bei Aktion Tagesm\u00fctter\/Tagesv\u00e4ter des Katholischen Familienverbandes Tirol), Dipl. Ergotherapeutin&nbsp;<\/p>\n\n\n\n<p>&#8222;Kinder liegen mir am Herzen und ich interessiere mich f\u00fcr P\u00e4dagogik und Bildungsprozesse. Mir ist wichtig, mit Zuwendung eine Atmosph\u00e4re zu schaffen, in der sich die Kleinen geborgen und sicher f\u00fchlen. Ich sehe mich als kompetente und einf\u00fchlsame Begleitperson f\u00fcr die Kinder bei ihren Entdeckungsreisen und auf dem Weg in die Selbst\u00e4ndigkeit.&#8220;<\/p>\n\n\n\n<p><\/p>\n\n\n\n<p><\/p>\n\n\n\n<p><\/p>\n\n\n<div class=\"wp-block-image\">\n<figure class=\"alignright size-large is-resized\"><img loading=\"lazy\" decoding=\"async\" width=\"369\" height=\"600\" src=\"https:\/\/musikaefer.kevas.at\/wp-content\/uploads\/2025\/04\/Verena-369x600.jpg\" alt=\"\" class=\"wp-image-2038\" style=\"width:184px;height:auto\" srcset=\"https:\/\/musikaefer.kevas.at\/wp-content\/uploads\/2025\/04\/Verena-369x600.jpg 369w, https:\/\/musikaefer.kevas.at\/wp-content\/uploads\/2025\/04\/Verena-184x300.jpg 184w, https:\/\/musikaefer.kevas.at\/wp-content\/uploads\/2025\/04\/Verena-92x150.jpg 92w, https:\/\/musikaefer.kevas.at\/wp-content\/uploads\/2025\/04\/Verena.jpg 511w\" sizes=\"(max-width: 369px) 100vw, 369px\" \/><\/figure><\/div>\n\n\n<p><strong>Hannah Tilg<\/strong><br \/>Assistenzkraft <br \/><br \/>&#8222;Bereits in j\u00fcngeren Jahren machte es mir Freude, meine j\u00fcngere Schwester,Cousins, Cousinen und j\u00fcngeren Bekannten zu begleiten. W\u00e4hrend meiner Ausbildung festigte sich meine \u00dcberzeugung, dass mir dieser Beruf nicht nur am Herzen liegt, sondern<br \/>ich es als regelm\u00e4\u00dfige neue Herausforderung und Aufgabenstellung sehe, Kinder in ihren fr\u00fchkindlichen Entwicklungsschritten beobachten und unterst\u00fctzen zu d\u00fcrfen. Besonders ihre Fantasie und die unb\u00e4ndige Neugier der Kinder begeistern mich immer wieder aufs Neue.&#8220;<\/p>\n\n\n\n<div class=\"wp-block-group is-nowrap is-layout-flex wp-container-core-group-is-layout-1 wp-block-group-is-layout-flex\">\n<p><br \/><\/p>\n<\/div>\n\n\n\n<p><strong>Du suchst einen Praktikumsplatz f\u00fcr deine Ausbildung? <br \/>Melde dich gerne bei uns! Wir arbeiten sehr gerne mit Pranktinant:innen zusammen!<\/strong><br \/>Schick&#8216; uns einfach eine E-Mail: kinderkrippe.musikaefer@kevas.at. <br \/> <\/p>\n\n\n\n<p><\/p>\n","protected":false},"excerpt":{"rendered":"<p>Unser Team besteht aus engagierten P\u00e4dagog:innen, die mit viel Herz und Fachwissen die Welt der Kinder begleiten. F\u00fcr uns steht das Wohl jedes einzelnen Kindes an erster Stelle. Mit Einf\u00fchlungsverm\u00f6gen, Verst\u00e4ndnis und Wertsch\u00e4tzung begegnen wir nicht nur den Kindern, sondern &hellip; <a href=\"https:\/\/musikaefer.kevas.at\/?page_id=112\">Weiterlesen <span class=\"meta-nav\">&rarr;<\/span><\/a><\/p>\n","protected":false},"author":11,"featured_media":0,"parent":0,"menu_order":0,"comment_status":"closed","ping_status":"closed","template":"","meta":{"footnotes":""},"class_list":["post-112","page","type-page","status-publish","hentry"],"_links":{"self":[{"href":"https:\/\/musikaefer.kevas.at\/index.php?rest_route=\/wp\/v2\/pages\/112"}],"collection":[{"href":"https:\/\/musikaefer.kevas.at\/index.php?rest_route=\/wp\/v2\/pages"}],"about":[{"href":"https:\/\/musikaefer.kevas.at\/index.php?rest_route=\/wp\/v2\/types\/page"}],"author":[{"embeddable":true,"href":"https:\/\/musikaefer.kevas.at\/index.php?rest_route=\/wp\/v2\/users\/11"}],"replies":[{"embeddable":true,"href":"https:\/\/musikaefer.kevas.at\/index.php?rest_route=%2Fwp%2Fv2%2Fcomments&post=112"}],"version-history":[{"count":180,"href":"https:\/\/musikaefer.kevas.at\/index.php?rest_route=\/wp\/v2\/pages\/112\/revisions"}],"predecessor-version":[{"id":2132,"href":"https:\/\/musikaefer.kevas.at\/index.php?rest_route=\/wp\/v2\/pages\/112\/revisions\/2132"}],"wp:attachment":[{"href":"https:\/\/musikaefer.kevas.at\/index.php?rest_route=%2Fwp%2Fv2%2Fmedia&parent=112"}],"curies":[{"name":"wp","href":"https:\/\/api.w.org\/{rel}","templated":true}]}}