{"id":319,"date":"2013-09-06T11:29:58","date_gmt":"2013-09-06T09:29:58","guid":{"rendered":"http:\/\/musikaefer.kevas.at\/?page_id=319"},"modified":"2017-07-11T22:31:22","modified_gmt":"2017-07-11T20:31:22","slug":"319-2","status":"publish","type":"page","link":"https:\/\/musikaefer.kevas.at\/?page_id=319","title":{"rendered":"Martha Sharma"},"content":{"rendered":"<p><a href=\"http:\/\/musikaefer.kevas.at\/wp-content\/uploads\/2013\/06\/MarthaSharma.jpg\"><img loading=\"lazy\" decoding=\"async\" class=\"alignnone size-medium wp-image-594 aligncenter\" alt=\"MarthaSharma\" src=\"http:\/\/musikaefer.kevas.at\/wp-content\/uploads\/2013\/06\/MarthaSharma-200x300.jpg\" width=\"200\" height=\"300\" srcset=\"https:\/\/musikaefer.kevas.at\/wp-content\/uploads\/2013\/06\/MarthaSharma-200x300.jpg 200w, https:\/\/musikaefer.kevas.at\/wp-content\/uploads\/2013\/06\/MarthaSharma-100x150.jpg 100w, https:\/\/musikaefer.kevas.at\/wp-content\/uploads\/2013\/06\/MarthaSharma-400x600.jpg 400w, https:\/\/musikaefer.kevas.at\/wp-content\/uploads\/2013\/06\/MarthaSharma.jpg 427w\" sizes=\"(max-width: 200px) 100vw, 200px\" \/><\/a><\/p>\n<p align=\"center\"><strong>Martha Sharma<\/strong> (*1973)<\/p>\n<p align=\"center\">\u00a0Kindergartenp\u00e4dagogin und Fr\u00fcherzieherin\n<\/p>\n<p style=\"text-align: justify;\">\u201e<strong>Als Kleinkindp\u00e4dagogin und zweifache Mutter ist es mir ein gro\u00dfes Anliegen, Kinder auf ihrem Weg in die Selbstst\u00e4ndigkeit zu begleiten, ihnen Werte f\u00fcrs Leben mitzugeben und sie auf das soziale Miteinander im Leben vorzubereiten.<\/strong><\/p>\n<p style=\"text-align: justify;\">Da ich selbst gerne gestalterisch und musikalisch t\u00e4tig bin, m\u00f6chte ich auch den\u00a0Kindern M\u00f6glichkeiten bieten, mit Freude, Neugier und Mut am eigenen Tun und Handeln, Individualit\u00e4t zu entfalten und ihre Kreativit\u00e4t zu f\u00f6rdern.<\/p>\n<p style=\"text-align: justify;\">Auch die Eltern und Familienangeh\u00f6rigen vertrauensvoll zu unterst\u00fctzen und zu begleiten ist f\u00fcr mich von gro\u00dfer Bedeutung, damit wir den Kindern gemeinsam eine emotional sichere Basis bieten k\u00f6nnen.\u201c<\/p>\n<p style=\"text-align: justify;\"><strong>Ausbildungen und T\u00e4tigkeiten\u00a0im p\u00e4dagogischen Bereich:<\/strong><\/p>\n<ul>\n<li>5-j\u00e4hrige Ausbildung an der BAKIP (Stmk) zur Kindergartenp\u00e4dagogin<\/li>\n<li>2,5-j\u00e4hriger Fortbildungslehrgang \u201eQualit\u00e4t in der Fr\u00fcherziehung\u201c<\/li>\n<li>Diverse Fortbildungsseminare bez\u00fcglich Stimme, Singen und Sprache<\/li>\n<li>2,5 Jahre gruppenf\u00fchrende Kindergartenp\u00e4dagogin im KIGA \u2013 Tech der Kinderfreunde<\/li>\n<li>6 Monate Betreuerin im Sch\u00fclerhort Schwaz<\/li>\n<li>2 Jahre selbstst\u00e4ndig gef\u00fchrte Kinder-Kreativgruppe \u201eBimbuli\u201c<\/li>\n<li>8 Jahre P\u00e4dagogin in der Kinderkrippe \u201eP\u00fcnktchen und Anton\u201c<\/li>\n<li>Von September 2013 bis April 2017 Leiterin und gruppenf\u00fchrende P\u00e4dagogin der Kinderkrippe MusiK\u00e4fer<\/li>\n<\/ul>\n","protected":false},"excerpt":{"rendered":"<p>Martha Sharma (*1973) \u00a0Kindergartenp\u00e4dagogin und Fr\u00fcherzieherin \u201eAls Kleinkindp\u00e4dagogin und zweifache Mutter ist es mir ein gro\u00dfes Anliegen, Kinder auf ihrem Weg in die Selbstst\u00e4ndigkeit zu begleiten, ihnen Werte f\u00fcrs Leben mitzugeben und sie auf das soziale Miteinander im Leben vorzubereiten. &hellip; <a href=\"https:\/\/musikaefer.kevas.at\/?page_id=319\">Weiterlesen <span class=\"meta-nav\">&rarr;<\/span><\/a><\/p>\n","protected":false},"author":11,"featured_media":0,"parent":0,"menu_order":0,"comment_status":"closed","ping_status":"closed","template":"","meta":{"footnotes":""},"class_list":["post-319","page","type-page","status-publish","hentry"],"_links":{"self":[{"href":"https:\/\/musikaefer.kevas.at\/index.php?rest_route=\/wp\/v2\/pages\/319"}],"collection":[{"href":"https:\/\/musikaefer.kevas.at\/index.php?rest_route=\/wp\/v2\/pages"}],"about":[{"href":"https:\/\/musikaefer.kevas.at\/index.php?rest_route=\/wp\/v2\/types\/page"}],"author":[{"embeddable":true,"href":"https:\/\/musikaefer.kevas.at\/index.php?rest_route=\/wp\/v2\/users\/11"}],"replies":[{"embeddable":true,"href":"https:\/\/musikaefer.kevas.at\/index.php?rest_route=%2Fwp%2Fv2%2Fcomments&post=319"}],"version-history":[{"count":20,"href":"https:\/\/musikaefer.kevas.at\/index.php?rest_route=\/wp\/v2\/pages\/319\/revisions"}],"predecessor-version":[{"id":1366,"href":"https:\/\/musikaefer.kevas.at\/index.php?rest_route=\/wp\/v2\/pages\/319\/revisions\/1366"}],"wp:attachment":[{"href":"https:\/\/musikaefer.kevas.at\/index.php?rest_route=%2Fwp%2Fv2%2Fmedia&parent=319"}],"curies":[{"name":"wp","href":"https:\/\/api.w.org\/{rel}","templated":true}]}}