{"id":327,"date":"2013-09-06T11:34:36","date_gmt":"2013-09-06T09:34:36","guid":{"rendered":"http:\/\/musikaefer.kevas.at\/?page_id=327"},"modified":"2017-09-10T22:18:04","modified_gmt":"2017-09-10T20:18:04","slug":"327-2","status":"publish","type":"page","link":"https:\/\/musikaefer.kevas.at\/?page_id=327","title":{"rendered":"Kamila Weiss"},"content":{"rendered":"<p style=\"text-align: center;\"><a href=\"http:\/\/musikaefer.kevas.at\/wp-content\/uploads\/2013\/06\/KamilaWeiss.jpg\"><img loading=\"lazy\" decoding=\"async\" class=\"alignnone size-medium wp-image-596\" alt=\"KamilaWeiss\" src=\"http:\/\/musikaefer.kevas.at\/wp-content\/uploads\/2013\/06\/KamilaWeiss-200x300.jpg\" width=\"200\" height=\"300\" srcset=\"https:\/\/musikaefer.kevas.at\/wp-content\/uploads\/2013\/06\/KamilaWeiss-200x300.jpg 200w, https:\/\/musikaefer.kevas.at\/wp-content\/uploads\/2013\/06\/KamilaWeiss-100x150.jpg 100w, https:\/\/musikaefer.kevas.at\/wp-content\/uploads\/2013\/06\/KamilaWeiss-400x600.jpg 400w, https:\/\/musikaefer.kevas.at\/wp-content\/uploads\/2013\/06\/KamilaWeiss.jpg 427w\" sizes=\"(max-width: 200px) 100vw, 200px\" \/><\/a><\/p>\n<p style=\"text-align: center;\"><strong>Kamila Weiss<br \/>\nSoziologin<\/strong><strong><\/strong><\/p>\n<p style=\"text-align: justify;\">\u201e<strong>Zu den sch\u00f6nsten Dingen im Leben z\u00e4hlt f\u00fcr mich unter anderem, das L\u00e4cheln eines Kindes zu erleben.<\/strong> Als Mutter sehe ich jeden Tag wie wichtig es ist, wie Kinder sich selbst entdecken und wahrnehmen. Bewegung und Natur zu erfahren sind f\u00fcr mich und meine Familie sehr wichtig. Mir erscheint es sehr wichtig, Kinder auch in diesem Sinne auf ihrem Lebensweg ein kleines St\u00fcck zu begleiten und unterst\u00fctzen.<span style=\"color: #333333; font-style: normal; line-height: 24px;\">\u201c<\/span><\/p>\n","protected":false},"excerpt":{"rendered":"<p>Kamila Weiss Soziologin \u201eZu den sch\u00f6nsten Dingen im Leben z\u00e4hlt f\u00fcr mich unter anderem, das L\u00e4cheln eines Kindes zu erleben. Als Mutter sehe ich jeden Tag wie wichtig es ist, wie Kinder sich selbst entdecken und wahrnehmen. Bewegung und Natur &hellip; <a href=\"https:\/\/musikaefer.kevas.at\/?page_id=327\">Weiterlesen <span class=\"meta-nav\">&rarr;<\/span><\/a><\/p>\n","protected":false},"author":11,"featured_media":0,"parent":0,"menu_order":0,"comment_status":"closed","ping_status":"closed","template":"","meta":{"footnotes":""},"class_list":["post-327","page","type-page","status-publish","hentry"],"_links":{"self":[{"href":"https:\/\/musikaefer.kevas.at\/index.php?rest_route=\/wp\/v2\/pages\/327"}],"collection":[{"href":"https:\/\/musikaefer.kevas.at\/index.php?rest_route=\/wp\/v2\/pages"}],"about":[{"href":"https:\/\/musikaefer.kevas.at\/index.php?rest_route=\/wp\/v2\/types\/page"}],"author":[{"embeddable":true,"href":"https:\/\/musikaefer.kevas.at\/index.php?rest_route=\/wp\/v2\/users\/11"}],"replies":[{"embeddable":true,"href":"https:\/\/musikaefer.kevas.at\/index.php?rest_route=%2Fwp%2Fv2%2Fcomments&post=327"}],"version-history":[{"count":18,"href":"https:\/\/musikaefer.kevas.at\/index.php?rest_route=\/wp\/v2\/pages\/327\/revisions"}],"predecessor-version":[{"id":637,"href":"https:\/\/musikaefer.kevas.at\/index.php?rest_route=\/wp\/v2\/pages\/327\/revisions\/637"}],"wp:attachment":[{"href":"https:\/\/musikaefer.kevas.at\/index.php?rest_route=%2Fwp%2Fv2%2Fmedia&parent=327"}],"curies":[{"name":"wp","href":"https:\/\/api.w.org\/{rel}","templated":true}]}}