{"id":52,"date":"2013-05-12T16:07:39","date_gmt":"2013-05-12T14:07:39","guid":{"rendered":"http:\/\/musikaefer.kevas.at\/?page_id=52"},"modified":"2026-02-04T21:25:20","modified_gmt":"2026-02-04T19:25:20","slug":"eckdaten","status":"publish","type":"page","link":"https:\/\/musikaefer.kevas.at\/?page_id=52","title":{"rendered":""},"content":{"rendered":"<h2>Hier findet ihr alles, was ihr vor der Anmeldung wissen m\u00fcsst:<\/h2>\n<p><span data-contrast=\"auto\">In unserer <\/span><b><span data-contrast=\"auto\">Kinderkrippe in Innsbruck<\/span><\/b><span data-contrast=\"auto\"> spielen, singen und forschen t\u00e4glich maximal 12 Kinder zwischen 1,5 und 3 Jahren gemeinsam mit unseren Betreuer:innen in einer Gruppe. Den Kindern stehen ein gro\u00dfer Gruppenraum und ein Bewegungsraum zum Toben zur Verf\u00fcgung und dank unseres sch\u00f6nen Gartens haben die Kinder fast jeden Tag die M\u00f6glichkeit drau\u00dfen zu spielen.<\/span><span data-ccp-props=\"{&quot;134233117&quot;:false,&quot;134233118&quot;:false,&quot;201341983&quot;:0,&quot;335551550&quot;:6,&quot;335551620&quot;:6,&quot;335559738&quot;:0,&quot;335559739&quot;:120,&quot;335559740&quot;:240}\">\u00a0<\/span><\/p>\n<h2>Unsere Kinderkrippe ist ganzj\u00e4hrig und ganzt\u00e4gig (mit Mittagstisch) ge\u00f6ffnet.<\/h2>\n<p><b><span data-contrast=\"auto\">Montag bis Donnerstag<\/span><\/b><b><i><span data-contrast=\"auto\">:<\/span><\/i><\/b><b><span data-contrast=\"auto\"> 07:30 \u2013 17:00 Uhr<\/span><\/b><span data-ccp-props=\"{&quot;134233117&quot;:false,&quot;134233118&quot;:false,&quot;201341983&quot;:0,&quot;335551550&quot;:6,&quot;335551620&quot;:6,&quot;335559738&quot;:0,&quot;335559739&quot;:120,&quot;335559740&quot;:240}\"><br \/>\n<\/span><b><span data-contrast=\"auto\">Freitag<\/span><\/b><b><i><span data-contrast=\"auto\">:<\/span><\/i><\/b><b><span data-contrast=\"auto\"> 07:30 \u2013 14:30 Uhr<\/span><\/b><span data-ccp-props=\"{&quot;134233117&quot;:false,&quot;134233118&quot;:false,&quot;201341983&quot;:0,&quot;335551550&quot;:6,&quot;335551620&quot;:6,&quot;335559738&quot;:0,&quot;335559739&quot;:120,&quot;335559740&quot;:240}\">\u00a0<\/span><\/p>\n<p><b><span data-contrast=\"auto\">Schlie\u00dfzeiten generell:<\/span><\/b><span data-ccp-props=\"{&quot;134233117&quot;:false,&quot;134233118&quot;:false,&quot;201341983&quot;:0,&quot;335551550&quot;:6,&quot;335551620&quot;:6,&quot;335559738&quot;:0,&quot;335559739&quot;:120,&quot;335559740&quot;:240}\"><br \/>\n<\/span><span data-contrast=\"auto\">25 Werktage pro Jahr, sowie die gesetzlichen Feiertage<\/span><\/p>\n<ul>\n<li><b><span data-contrast=\"auto\">Weihnachten:<\/span><\/b><span data-contrast=\"auto\"> 24. Dezember bis ca. 6. J\u00e4nner<\/span><\/li>\n<li><b><span data-contrast=\"auto\">Sommer:<\/span><\/b><span data-contrast=\"auto\"> 2 Wochen<\/span><span data-ccp-props=\"{&quot;134233117&quot;:false,&quot;134233118&quot;:false,&quot;201341983&quot;:0,&quot;335551550&quot;:6,&quot;335551620&quot;:6,&quot;335559738&quot;:0,&quot;335559739&quot;:120,&quot;335559740&quot;:240}\">\u00a0<\/span><\/li>\n<\/ul>\n<h2><span data-contrast=\"auto\">\u00a0<\/span><b><span data-contrast=\"auto\">Betreuungspl\u00e4tze und Anmeldung<\/span><\/b><\/h2>\n<p><span style=\"color: #ff6600;\">F\u00fcr das kommende Kinderkrippenjahr 2026\/27 gibt es noch freie Pl\u00e4tze!\u00a0<\/span><br \/>\nWir freuen uns \u00fcber eure Anmeldungen!<\/p>\n<h2><span style=\"color: #ff6600;\"><strong>Achtung!! Die Anmeldung erfolgt ausschlie\u00dflich \u00fcber FRIDA.\u00a0<\/strong><\/span><\/h2>\n<p><a href=\"https:\/\/www.tirol.gv.at\/bildung\/elementarbildung\/frida-findet-ihren-platz\/\" target=\"_blank\" rel=\"noopener\">Hier<\/a> gehts direkt zu FRIDA und der Anmeldung!<\/p>\n<p>Mit diesem Online-Anmeldetool vom Land Tirol k\u00f6nnen alle Anmeldungen ganz einfach durchgef\u00fchrt werden.<br \/>\nBei Fragen oder Unklarheiten ruft ihr am besten direkt bei der Hotline von FRIDA an:<span class=\"ILfuVd\" lang=\"de\"><span class=\"hgKElc pOOWX\"> <b>0512 508 7723<\/b> (Montag bis Donnerstag von 8 bis 12 Uhr sowie von 13 bis 16.30 Uhr und am Freitag von 8 bis 12 Uhr).<\/span><\/span><\/p>\n<p><strong>Zus\u00e4tzliche Information:<br \/>\n<\/strong>F\u00fcr FRIDA braucht man eine \u201e<strong>ID Austria<\/strong>\u201c auf dem Smart Phone. So kommt ihr zu einer \u201eID Austria\u201c:<\/p>\n<ol start=\"1\" type=\"1\">\n<li class=\"v1MsoListParagraph\"><a href=\"https:\/\/www.innsbruck.gv.at\/digitales-rathaus\/digitale-kommunikation\/id-austria\" target=\"_blank\" rel=\"noopener noreferrer\">https:\/\/www.innsbruck.gv.at\/digitales-rathaus\/digitale-kommunikation\/id-austria<\/a> (Termin beantragen beim Stadtmagistrat\/Rathaus) oder<\/li>\n<li class=\"v1MsoListParagraph\"><a href=\"https:\/\/www.bmf.gv.at\/public\/informationen\/idaustria.html\" target=\"_blank\" rel=\"noopener noreferrer\">https:\/\/www.bmf.gv.at\/public\/informationen\/idaustria.html<\/a> (Termin beantragen beim Finanzamt)<\/li>\n<\/ol>\n<p class=\"v1MsoNormal\">Der erste Link gilt nur f\u00fcr Innsbruck \u2013 hier nat\u00fcrlich eure eigene Hauptwohnsitzgemeine angeben: Liebe Eltern, bitte geht zu eurer Hauptwohnsitzgemeinde mit dem Reisepass und beantragt dort eure ID Austria.<\/p>\n<h2><b><span data-contrast=\"auto\">Kosten f\u00fcr die Betreuung<\/span><\/b><\/h2>\n<p><span data-contrast=\"auto\">In unserer Kinderkrippe k\u00f6nnen die Betreuungszeiten &#8211; nach Absprache &#8211; flexibel gew\u00e4hlt werden. Das Mindestbetreuungsangebot umfasst <strong>3<\/strong><\/span><b><span data-contrast=\"auto\">\u00a0halbe Tage pro Woche<\/span><\/b><span data-contrast=\"auto\">, das Maximum sind <\/span><b><span data-contrast=\"auto\">4 Ganztage und 1 Vormittag<\/span><\/b><span data-contrast=\"auto\"> pro Woche \u2013 je nach Verf\u00fcgbarkeit.<\/span><span data-ccp-props=\"{&quot;134233117&quot;:false,&quot;134233118&quot;:false,&quot;201341983&quot;:0,&quot;335551550&quot;:6,&quot;335551620&quot;:6,&quot;335559738&quot;:0,&quot;335559739&quot;:120,&quot;335559740&quot;:240}\">\u00a0<\/span><\/p>\n<p><span data-contrast=\"auto\">Die aktuellen monatlichen Betreuungskosten gestalten sich wie folgt:<\/span><span data-ccp-props=\"{&quot;134233117&quot;:false,&quot;134233118&quot;:false,&quot;201341983&quot;:0,&quot;335551550&quot;:6,&quot;335551620&quot;:6,&quot;335559738&quot;:0,&quot;335559739&quot;:120,&quot;335559740&quot;:240}\">\u00a0<\/span><\/p>\n<ul>\n<li><b><span data-contrast=\"auto\">1 Vormittag (7:30 bis 14:00 Uhr)<\/span><\/b><span data-contrast=\"auto\">: \u20ac 87,50 (inkl. Jause, Mittagessen und Mittagsschlaf)<\/span><span data-ccp-props=\"{&quot;134233117&quot;:false,&quot;134233118&quot;:false,&quot;201341983&quot;:0,&quot;335551550&quot;:6,&quot;335551620&quot;:6,&quot;335559738&quot;:0,&quot;335559739&quot;:120,&quot;335559740&quot;:240}\">\u00a0<\/span><\/li>\n<li><b><span data-contrast=\"auto\">1 Nachmittag (14:00 bis 17:00 Uhr)<\/span><\/b><span data-contrast=\"auto\">: \u20ac 44,- (inkl. Jause)<\/span><span data-ccp-props=\"{&quot;134233117&quot;:false,&quot;134233118&quot;:false,&quot;201341983&quot;:0,&quot;335551550&quot;:6,&quot;335551620&quot;:6,&quot;335559738&quot;:0,&quot;335559739&quot;:120,&quot;335559740&quot;:240}\"><br \/>\n<\/span><\/li>\n<li><b><span data-contrast=\"auto\">1 Ganztag (7:30 bis 17:00 Uhr)<\/span><\/b><span data-contrast=\"auto\">: \u20ac 115,- (inkl. Jause, Mittagessen und Mittagsschlaf)<\/span><span data-ccp-props=\"{&quot;134233117&quot;:false,&quot;134233118&quot;:false,&quot;201341983&quot;:0,&quot;335551550&quot;:6,&quot;335551620&quot;:6,&quot;335559738&quot;:0,&quot;335559739&quot;:120,&quot;335559740&quot;:240}\">\u00a0<\/span><\/li>\n<\/ul>\n<p><span data-contrast=\"auto\">F\u00fcr Kinder, die nicht in Innsbruck gemeldet sind, f\u00e4llt ein <\/span><b><span data-contrast=\"auto\">Ausw\u00e4rtigen-Zuschlag<\/span><\/b><span data-contrast=\"auto\"> an, da die st\u00e4dtische F\u00f6rderung entf\u00e4llt.<\/span><span data-ccp-props=\"{&quot;134233117&quot;:false,&quot;134233118&quot;:false,&quot;201341983&quot;:0,&quot;335551550&quot;:6,&quot;335551620&quot;:6,&quot;335559738&quot;:0,&quot;335559739&quot;:120,&quot;335559740&quot;:240}\">\u00a0<\/span><\/p>\n<p><span data-contrast=\"auto\">Zus\u00e4tzliche Kosten:<\/span><span data-ccp-props=\"{&quot;134233117&quot;:false,&quot;134233118&quot;:false,&quot;201341983&quot;:0,&quot;335551550&quot;:6,&quot;335551620&quot;:6,&quot;335559738&quot;:0,&quot;335559739&quot;:120,&quot;335559740&quot;:240}\">\u00a0<\/span><\/p>\n<ul>\n<li><b><span data-contrast=\"auto\">J\u00e4hrlicher Vereinsbeitrag<\/span><\/b><span data-contrast=\"auto\">: \u20ac 90,-<\/span><span data-ccp-props=\"{&quot;134233117&quot;:false,&quot;134233118&quot;:false,&quot;201341983&quot;:0,&quot;335551550&quot;:6,&quot;335551620&quot;:6,&quot;335559738&quot;:0,&quot;335559739&quot;:120,&quot;335559740&quot;:240}\">\u00a0<\/span><\/li>\n<li><b><span data-contrast=\"auto\">J\u00e4hrlicher Versicherungsbeitrag<\/span><\/b><span data-contrast=\"auto\">: \u20ac 8,40<\/span><\/li>\n<li><b><span data-contrast=\"auto\">Reinigungskostenbeitrag<\/span><\/b><span data-contrast=\"auto\">: ca. \u20ac 85,- pro Semester<\/span><span data-ccp-props=\"{&quot;134233117&quot;:false,&quot;134233118&quot;:false,&quot;201341983&quot;:0,&quot;335551550&quot;:6,&quot;335551620&quot;:6,&quot;335559738&quot;:0,&quot;335559739&quot;:120,&quot;335559740&quot;:240}\">\u00a0<\/span><\/li>\n<li><b><span data-contrast=\"auto\">Einmalige Kaution<\/span><\/b><span data-contrast=\"auto\">: \u20ac 200,- (wird nach dem Austritt zur\u00fcckerstattet)<\/span><span data-ccp-props=\"{&quot;134233117&quot;:false,&quot;134233118&quot;:false,&quot;201341983&quot;:0,&quot;335551550&quot;:6,&quot;335551620&quot;:6,&quot;335559738&quot;:0,&quot;335559739&quot;:120,&quot;335559740&quot;:240}\">\u00a0<\/span><\/li>\n<\/ul>\n<p><span data-contrast=\"auto\">Die Betreuungskosten sind <\/span><b><span data-contrast=\"auto\">12 x j\u00e4hrlich<\/span><\/b><span data-contrast=\"auto\"> im Voraus zu bezahlen und zwar bis zum 5. jedes Monats per Dauerauftrag auf das Krippenkonto.<\/span><span data-ccp-props=\"{&quot;134233117&quot;:false,&quot;134233118&quot;:false,&quot;201341983&quot;:0,&quot;335551550&quot;:6,&quot;335551620&quot;:6,&quot;335559738&quot;:0,&quot;335559739&quot;:120,&quot;335559740&quot;:240}\">\u00a0<\/span><\/p>\n<p><span data-contrast=\"auto\">Hier erhaltet ihr Informationen \u00fcber den <\/span><a href=\"https:\/\/www.tirol.gv.at\/gesellschaft-soziales\/generationen\/foerderungen\/kinderbetreuungszuschuss\/\"><span data-contrast=\"none\">Kinderbetreuungszuschuss<\/span><\/a><span data-contrast=\"auto\">.<\/span><span data-ccp-props=\"{&quot;134233117&quot;:false,&quot;134233118&quot;:false,&quot;201341983&quot;:0,&quot;335551550&quot;:6,&quot;335551620&quot;:6,&quot;335559685&quot;:0,&quot;335559737&quot;:0,&quot;335559738&quot;:0,&quot;335559739&quot;:120,&quot;335559740&quot;:240}\">\u00a0<\/span><\/p>\n<p><span style=\"color: #ff6600;\"><strong>Du suchst einen Praktikumsplatz f\u00fcr deine Ausbildung?<br \/>\nMelde dich gerne bei uns! Wir arbeiten sehr gerne mit Pranktinant:innen zusammen!<\/strong><\/span><br \/>\nSchick&#8216; uns einfach eine E-Mail: kinderkrippe.musikaefer@kevas.at.<\/p>\n","protected":false},"excerpt":{"rendered":"<p>Hier findet ihr alles, was ihr vor der Anmeldung wissen m\u00fcsst: In unserer Kinderkrippe in Innsbruck spielen, singen und forschen t\u00e4glich maximal 12 Kinder zwischen 1,5 und 3 Jahren gemeinsam mit unseren Betreuer:innen in einer Gruppe. Den Kindern stehen ein &hellip; <a href=\"https:\/\/musikaefer.kevas.at\/?page_id=52\">Weiterlesen <span class=\"meta-nav\">&rarr;<\/span><\/a><\/p>\n","protected":false},"author":11,"featured_media":0,"parent":0,"menu_order":0,"comment_status":"closed","ping_status":"closed","template":"","meta":{"footnotes":""},"class_list":["post-52","page","type-page","status-publish","hentry"],"_links":{"self":[{"href":"https:\/\/musikaefer.kevas.at\/index.php?rest_route=\/wp\/v2\/pages\/52"}],"collection":[{"href":"https:\/\/musikaefer.kevas.at\/index.php?rest_route=\/wp\/v2\/pages"}],"about":[{"href":"https:\/\/musikaefer.kevas.at\/index.php?rest_route=\/wp\/v2\/types\/page"}],"author":[{"embeddable":true,"href":"https:\/\/musikaefer.kevas.at\/index.php?rest_route=\/wp\/v2\/users\/11"}],"replies":[{"embeddable":true,"href":"https:\/\/musikaefer.kevas.at\/index.php?rest_route=%2Fwp%2Fv2%2Fcomments&post=52"}],"version-history":[{"count":36,"href":"https:\/\/musikaefer.kevas.at\/index.php?rest_route=\/wp\/v2\/pages\/52\/revisions"}],"predecessor-version":[{"id":2134,"href":"https:\/\/musikaefer.kevas.at\/index.php?rest_route=\/wp\/v2\/pages\/52\/revisions\/2134"}],"wp:attachment":[{"href":"https:\/\/musikaefer.kevas.at\/index.php?rest_route=%2Fwp%2Fv2%2Fmedia&parent=52"}],"curies":[{"name":"wp","href":"https:\/\/api.w.org\/{rel}","templated":true}]}}